{"id":4978,"date":"2026-03-15T21:34:16","date_gmt":"2026-03-16T00:34:16","guid":{"rendered":"https:\/\/escolaalegriadecrianca.com.br\/?page_id=4978"},"modified":"2026-03-22T21:37:20","modified_gmt":"2026-03-23T00:37:20","slug":"bilingue","status":"publish","type":"page","link":"https:\/\/escolaalegriadecrianca.com.br\/en\/bilingue\/","title":{"rendered":"Bilingual"},"content":{"rendered":"<div data-elementor-type=\"wp-page\" data-elementor-id=\"4978\" class=\"elementor elementor-4978\">\n\t\t\t\t<div class=\"elementor-element elementor-element-31f7670 e-flex e-con-boxed e-con e-parent\" data-id=\"31f7670\" data-element_type=\"container\" data-e-type=\"container\">\n\t\t\t\t\t<div class=\"e-con-inner\">\n\t\t\t\t<div class=\"elementor-element elementor-element-3424f01 elementor-widget elementor-widget-heading\" data-id=\"3424f01\" data-element_type=\"widget\" data-e-type=\"widget\" data-widget_type=\"heading.default\">\n\t\t\t\t<div class=\"elementor-widget-container\">\n\t\t\t\t\t<h3 class=\"elementor-heading-title elementor-size-default\">Interactive English Learning<\/h3>\t\t\t\t<\/div>\n\t\t\t\t<\/div>\n\t\t\t\t\t<\/div>\n\t\t\t\t<\/div>\n\t\t<div class=\"elementor-element elementor-element-cfdf873 e-flex e-con-boxed e-con e-parent\" data-id=\"cfdf873\" data-element_type=\"container\" data-e-type=\"container\">\n\t\t\t\t\t<div class=\"e-con-inner\">\n\t\t<div class=\"elementor-element elementor-element-ddab749 e-con-full e-flex e-con e-child\" data-id=\"ddab749\" data-element_type=\"container\" data-e-type=\"container\">\n\t\t\t\t<div class=\"elementor-element elementor-element-e3c51f3 elementor-widget elementor-widget-image\" data-id=\"e3c51f3\" data-element_type=\"widget\" data-e-type=\"widget\" data-widget_type=\"image.default\">\n\t\t\t\t<div class=\"elementor-widget-container\">\n\t\t\t\t\t\t\t\t\t\t\t\t\t\t\t<img fetchpriority=\"high\" decoding=\"async\" width=\"640\" height=\"462\" src=\"https:\/\/escolaalegriadecrianca.com.br\/wp-content\/uploads\/2026\/03\/edify_capa-1024x739.jpg\" class=\"attachment-large size-large wp-image-4980\" alt=\"\" srcset=\"https:\/\/escolaalegriadecrianca.com.br\/wp-content\/uploads\/2026\/03\/edify_capa-1024x739.jpg 1024w, https:\/\/escolaalegriadecrianca.com.br\/wp-content\/uploads\/2026\/03\/edify_capa-300x216.jpg 300w, https:\/\/escolaalegriadecrianca.com.br\/wp-content\/uploads\/2026\/03\/edify_capa-768x554.jpg 768w, https:\/\/escolaalegriadecrianca.com.br\/wp-content\/uploads\/2026\/03\/edify_capa.jpg 1302w\" sizes=\"(max-width: 640px) 100vw, 640px\" \/>\t\t\t\t\t\t\t\t\t\t\t\t\t\t\t<\/div>\n\t\t\t\t<\/div>\n\t\t\t\t<\/div>\n\t\t<div class=\"elementor-element elementor-element-e2e239a e-con-full e-flex e-con e-child\" data-id=\"e2e239a\" data-element_type=\"container\" data-e-type=\"container\">\n\t\t<div class=\"elementor-element elementor-element-8140df0 e-con-full e-flex e-con e-child\" data-id=\"8140df0\" data-element_type=\"container\" data-e-type=\"container\">\n\t\t\t\t<div class=\"elementor-element elementor-element-4d149b5 elementor-widget elementor-widget-text-editor\" data-id=\"4d149b5\" data-element_type=\"widget\" data-e-type=\"widget\" data-widget_type=\"text-editor.default\">\n\t\t\t\t<div class=\"elementor-widget-container\">\n\t\t\t\t\t\t\t\t\t<p style=\"text-align: justify;\" data-end=\"563\">A <strong data-start=\"58\" data-end=\"99\"><span class=\"hover:entity-accent entity-underline inline cursor-pointer align-baseline\"><span class=\"whitespace-normal\">Edify Education<\/span><\/span><\/strong> is an educational organization that develops English teaching programs for schools, using modern technology and methodologies to make learning more dynamic, personalized and efficient. As part of this program, students have access to <strong data-start=\"363\" data-end=\"404\"><span class=\"hover:entity-accent entity-underline inline cursor-pointer align-baseline\"><span class=\"whitespace-normal\">Edify Play<\/span><\/span><\/strong>, an educational app that complements English lessons and encourages language practice outside the classroom.<\/p>\n<p style=\"text-align: justify;  data-start=\"565\" data-end=\"986\">O <strong data-start=\"567\" data-end=\"581\" >Edify Play<\/strong> was created to broaden students' contact with English, allowing them to practice the language in an interactive way, with personalized activities and progress tracking. The platform uses elements of games and challenges to make learning more motivating, as well as helping to develop vocabulary, comprehension and confidence in speaking English.<\/p>\t\t\t\t\t\t\t\t<\/div>\n\t\t\t\t<\/div>\n\t\t\t\t<\/div>\n\t\t\t\t<\/div>\n\t\t\t\t\t<\/div>\n\t\t\t\t<\/div>\n\t\t<div class=\"elementor-element elementor-element-6d1d48e e-flex e-con-boxed e-con e-parent\" data-id=\"6d1d48e\" data-element_type=\"container\" data-e-type=\"container\">\n\t\t\t\t\t<div class=\"e-con-inner\">\n\t\t<div class=\"elementor-element elementor-element-19f505a e-con-full e-flex e-con e-child\" data-id=\"19f505a\" data-element_type=\"container\" data-e-type=\"container\">\n\t\t\t\t<div class=\"elementor-element elementor-element-4d780d6 elementor-widget elementor-widget-text-editor\" data-id=\"4d780d6\" data-element_type=\"widget\" data-e-type=\"widget\" data-widget_type=\"text-editor.default\">\n\t\t\t\t<div class=\"elementor-widget-container\">\n\t\t\t\t\t\t\t\t\t<p style=\"text-align: justify; data-start=\"1053\" data-end=\"1234\">Access is simple and can be done by following the steps below:<\/p>\n\n<ol data-start=\"1236\" data-end=\"1972\">\n \t<li data-section-id=\"6jtdmj\" data-start=\"1236\" data-end=\"1409\">\n<p data-start=\"1239\" data-end=\"1409\"><strong data-start=\"1239\" data-end=\"1262\">Download the app<\/strong><br data-start=\"1262\" data-end=\"1265\" \/>The app <strong data-start=\"1281\" data-end=\"1295\">Edify Play<\/strong> is available for free for cell phones and tablets in the <strong data-start=\"1361\" data-end=\"1386\">Android (Google Play)<\/strong> e <strong data-start=\"1389\" data-end=\"1408\">iOS (App Store)<\/strong>.<\/p>\n<\/li>\n \t<li data-section-id=\"1fytk7e\" data-start=\"1411\" data-end=\"1598\">\n<p data-start=\"1414\" data-end=\"1598\"><strong data-start=\"1414\" data-end=\"1446\">Registering students<\/strong><br data-start=\"1446\" data-end=\"1449\" \/>When you open the application for the first time, you will need to register the student by entering basic data such as <strong data-start=\"1557\" data-end=\"1597\">name, surname and date of birth<\/strong>.<\/p>\n<\/li>\n \t<li data-section-id=\"gszziz\" data-start=\"1600\" data-end=\"1768\">\n<p data-start=\"1603\" data-end=\"1768\"><strong data-start=\"1603\" data-end=\"1623\">Link to class<\/strong><br data-start=\"1623\" data-end=\"1626\" \/>To access the school's activities, you need to enter the <strong data-start=\"1690\" data-end=\"1709\">class code<\/strong>, This will be provided by the school, teacher or coordinator.<\/p>\n<\/li>\n \t<li data-section-id=\"1s61oir\" data-start=\"1770\" data-end=\"1972\">\n<p data-start=\"1773\" data-end=\"1972\"><strong data-start=\"1773\" data-end=\"1807\">Log in and start using<\/strong><br data-start=\"1807\" data-end=\"1810\" \/>After registering, students can log in to the platform using their <strong data-start=\"1881\" data-end=\"1899\">e-mail and password<\/strong>. If you forget your password, the application itself allows you to recover it.<\/p>\n<\/li>\n<\/ol>\n<p data-start=\"2016\" data-end=\"2125\">Within the app, students will have access to different activities that help them develop their English:<\/p>\n\n<ul data-start=\"2127\" data-end=\"2507\">\n \t<li data-section-id=\"1mu786s\" data-start=\"2127\" data-end=\"2249\">\n<p data-start=\"2129\" data-end=\"2249\"><strong data-start=\"2129\" data-end=\"2153\">Placement test<\/strong>Identifies the student's level of knowledge and creates a personalized learning path.<\/p>\n<\/li>\n \t<li data-section-id=\"4lbwzk\" data-start=\"2250\" data-end=\"2368\">\n<p data-start=\"2252\" data-end=\"2368\"><strong data-start=\"2252\" data-end=\"2274\">Homework<\/strong>: activities sent by teachers to reinforce the content worked on in class.<\/p>\n<\/li>\n \t<li data-section-id=\"5vsvc3\" data-start=\"2369\" data-end=\"2507\">\n<p data-start=\"2371\" data-end=\"2507\"><strong data-start=\"2371\" data-end=\"2393\">Half-yearly check-in<\/strong>: assessments that help track the student's progress over time.<\/p>\n<\/li>\n<\/ul>\t\t\t\t\t\t\t\t<\/div>\n\t\t\t\t<\/div>\n\t\t\t\t<\/div>\n\t\t<div class=\"elementor-element elementor-element-190a579 e-con-full e-flex e-con e-child\" data-id=\"190a579\" data-element_type=\"container\" data-e-type=\"container\">\n\t\t\t\t<div class=\"elementor-element elementor-element-ad961f8 elementor-widget__width-initial elementor-widget elementor-widget-image\" data-id=\"ad961f8\" data-element_type=\"widget\" data-e-type=\"widget\" data-widget_type=\"image.default\">\n\t\t\t\t<div class=\"elementor-widget-container\">\n\t\t\t\t\t\t\t\t\t\t\t\t\t\t\t<img decoding=\"async\" width=\"1300\" height=\"941\" src=\"https:\/\/escolaalegriadecrianca.com.br\/wp-content\/uploads\/2026\/03\/edify_acessar.jpg\" class=\"attachment-2048x2048 size-2048x2048 wp-image-4982\" alt=\"\" srcset=\"https:\/\/escolaalegriadecrianca.com.br\/wp-content\/uploads\/2026\/03\/edify_acessar.jpg 1300w, https:\/\/escolaalegriadecrianca.com.br\/wp-content\/uploads\/2026\/03\/edify_acessar-300x217.jpg 300w, https:\/\/escolaalegriadecrianca.com.br\/wp-content\/uploads\/2026\/03\/edify_acessar-1024x741.jpg 1024w, https:\/\/escolaalegriadecrianca.com.br\/wp-content\/uploads\/2026\/03\/edify_acessar-768x556.jpg 768w\" sizes=\"(max-width: 1300px) 100vw, 1300px\" \/>\t\t\t\t\t\t\t\t\t\t\t\t\t\t\t<\/div>\n\t\t\t\t<\/div>\n\t\t\t\t<div class=\"elementor-element elementor-element-382a6b1 elementor-widget__width-initial elementor-widget elementor-widget-image\" data-id=\"382a6b1\" data-element_type=\"widget\" data-e-type=\"widget\" data-widget_type=\"image.default\">\n\t\t\t\t<div class=\"elementor-widget-container\">\n\t\t\t\t\t\t\t\t\t\t\t\t\t\t\t<img decoding=\"async\" width=\"1244\" height=\"867\" src=\"https:\/\/escolaalegriadecrianca.com.br\/wp-content\/uploads\/2026\/03\/edify_caminho.jpg\" class=\"attachment-2048x2048 size-2048x2048 wp-image-4986\" alt=\"\" srcset=\"https:\/\/escolaalegriadecrianca.com.br\/wp-content\/uploads\/2026\/03\/edify_caminho.jpg 1244w, https:\/\/escolaalegriadecrianca.com.br\/wp-content\/uploads\/2026\/03\/edify_caminho-300x209.jpg 300w, https:\/\/escolaalegriadecrianca.com.br\/wp-content\/uploads\/2026\/03\/edify_caminho-1024x714.jpg 1024w, https:\/\/escolaalegriadecrianca.com.br\/wp-content\/uploads\/2026\/03\/edify_caminho-768x535.jpg 768w\" sizes=\"(max-width: 1244px) 100vw, 1244px\" \/>\t\t\t\t\t\t\t\t\t\t\t\t\t\t\t<\/div>\n\t\t\t\t<\/div>\n\t\t\t\t<\/div>\n\t\t\t\t\t<\/div>\n\t\t\t\t<\/div>\n\t\t<div class=\"elementor-element elementor-element-f8da32b e-con-full e-flex e-con e-parent\" data-id=\"f8da32b\" data-element_type=\"container\" data-e-type=\"container\">\n\t\t<div class=\"elementor-element elementor-element-9a2616b e-con-full e-flex e-con e-child\" data-id=\"9a2616b\" data-element_type=\"container\" data-e-type=\"container\">\n\t\t\t\t<div class=\"elementor-element elementor-element-0c4ff0e elementor-widget elementor-widget-text-editor\" data-id=\"0c4ff0e\" data-element_type=\"widget\" data-e-type=\"widget\" data-widget_type=\"text-editor.default\">\n\t\t\t\t<div class=\"elementor-widget-container\">\n\t\t\t\t\t\t\t\t\t<p style=\"text-align: justify; data-start=\"2868\" data-end=\"3170\">The school emphasizes the importance of family participation in this process, encouraging students to use the app regularly. This practice helps to strengthen the learning that began in the classroom and to make contact with English more constant and natural in the children's daily lives.<\/p>\n<p data-start=\"3172\" data-end=\"3321\" data-is-last-node=\"\" data-is-only-node=\"\">\ud83d\udcf1\u2728 With the support of the family and the use of the <strong data-start=\"3210\" data-end=\"3224\">Edify Play<\/strong>, In this way, students can develop their language skills in a fun, practical and efficient way.<\/p>\t\t\t\t\t\t\t\t<\/div>\n\t\t\t\t<\/div>\n\t\t\t\t<\/div>\n\t\t\t\t<\/div>\n\t\t<div class=\"elementor-element elementor-element-100f467 e-flex e-con-boxed e-con e-parent\" data-id=\"100f467\" data-element_type=\"container\" data-e-type=\"container\">\n\t\t\t\t\t<div class=\"e-con-inner\">\n\t\t<div class=\"elementor-element elementor-element-018dabc e-con-full e-flex e-con e-child\" data-id=\"018dabc\" data-element_type=\"container\" data-e-type=\"container\">\n\t\t\t\t<div class=\"elementor-element elementor-element-2c4ecc6 elementor-widget elementor-widget-image\" data-id=\"2c4ecc6\" data-element_type=\"widget\" data-e-type=\"widget\" data-widget_type=\"image.default\">\n\t\t\t\t<div class=\"elementor-widget-container\">\n\t\t\t\t\t\t\t\t\t\t\t\t\t\t\t<img loading=\"lazy\" decoding=\"async\" width=\"640\" height=\"453\" src=\"https:\/\/escolaalegriadecrianca.com.br\/wp-content\/uploads\/2026\/03\/edify_acesso_aluno-1024x724.jpg\" class=\"attachment-large size-large wp-image-4996\" alt=\"\" srcset=\"https:\/\/escolaalegriadecrianca.com.br\/wp-content\/uploads\/2026\/03\/edify_acesso_aluno-1024x724.jpg 1024w, https:\/\/escolaalegriadecrianca.com.br\/wp-content\/uploads\/2026\/03\/edify_acesso_aluno-300x212.jpg 300w, https:\/\/escolaalegriadecrianca.com.br\/wp-content\/uploads\/2026\/03\/edify_acesso_aluno-768x543.jpg 768w, https:\/\/escolaalegriadecrianca.com.br\/wp-content\/uploads\/2026\/03\/edify_acesso_aluno.jpg 1236w\" sizes=\"(max-width: 640px) 100vw, 640px\" \/>\t\t\t\t\t\t\t\t\t\t\t\t\t\t\t<\/div>\n\t\t\t\t<\/div>\n\t\t\t\t<\/div>\n\t\t<div class=\"elementor-element elementor-element-0f574e3 e-con-full e-flex e-con e-child\" data-id=\"0f574e3\" data-element_type=\"container\" data-e-type=\"container\">\n\t\t\t\t<div class=\"elementor-element elementor-element-f092c1a elementor-widget elementor-widget-image\" data-id=\"f092c1a\" data-element_type=\"widget\" data-e-type=\"widget\" data-widget_type=\"image.default\">\n\t\t\t\t<div class=\"elementor-widget-container\">\n\t\t\t\t\t\t\t\t\t\t\t\t\t\t\t<img loading=\"lazy\" decoding=\"async\" width=\"640\" height=\"457\" src=\"https:\/\/escolaalegriadecrianca.com.br\/wp-content\/uploads\/2026\/03\/edify_download-1024x731.jpg\" class=\"attachment-large size-large wp-image-4988\" alt=\"\" srcset=\"https:\/\/escolaalegriadecrianca.com.br\/wp-content\/uploads\/2026\/03\/edify_download-1024x731.jpg 1024w, https:\/\/escolaalegriadecrianca.com.br\/wp-content\/uploads\/2026\/03\/edify_download-300x214.jpg 300w, https:\/\/escolaalegriadecrianca.com.br\/wp-content\/uploads\/2026\/03\/edify_download-768x548.jpg 768w, https:\/\/escolaalegriadecrianca.com.br\/wp-content\/uploads\/2026\/03\/edify_download.jpg 1268w\" sizes=\"(max-width: 640px) 100vw, 640px\" \/>\t\t\t\t\t\t\t\t\t\t\t\t\t\t\t<\/div>\n\t\t\t\t<\/div>\n\t\t\t\t<\/div>\n\t\t\t\t\t<\/div>\n\t\t\t\t<\/div>\n\t\t\t\t<\/div>","protected":false},"excerpt":{"rendered":"<p>Aprendendo Ingl\u00eas de Forma Interativa A Edify Education \u00e9 uma organiza\u00e7\u00e3o educacional que desenvolve programas de ensino de ingl\u00eas voltados para escolas, utilizando tecnologia e metodologias modernas para tornar o aprendizado mais din\u00e2mico, personalizado e eficiente. Como parte desse programa, os alunos t\u00eam acesso ao Edify Play, um aplicativo educativo que complementa as aulas de&#8230;<\/p>","protected":false},"author":1,"featured_media":4980,"parent":0,"menu_order":0,"comment_status":"closed","ping_status":"closed","template":"","meta":{"_monsterinsights_skip_tracking":false,"_monsterinsights_sitenote_active":false,"_monsterinsights_sitenote_note":"","_monsterinsights_sitenote_category":0,"footnotes":""},"class_list":["post-4978","page","type-page","status-publish","has-post-thumbnail","hentry"],"aioseo_notices":[],"_links":{"self":[{"href":"https:\/\/escolaalegriadecrianca.com.br\/en\/wp-json\/wp\/v2\/pages\/4978","targetHints":{"allow":["GET"]}}],"collection":[{"href":"https:\/\/escolaalegriadecrianca.com.br\/en\/wp-json\/wp\/v2\/pages"}],"about":[{"href":"https:\/\/escolaalegriadecrianca.com.br\/en\/wp-json\/wp\/v2\/types\/page"}],"author":[{"embeddable":true,"href":"https:\/\/escolaalegriadecrianca.com.br\/en\/wp-json\/wp\/v2\/users\/1"}],"replies":[{"embeddable":true,"href":"https:\/\/escolaalegriadecrianca.com.br\/en\/wp-json\/wp\/v2\/comments?post=4978"}],"version-history":[{"count":23,"href":"https:\/\/escolaalegriadecrianca.com.br\/en\/wp-json\/wp\/v2\/pages\/4978\/revisions"}],"predecessor-version":[{"id":5298,"href":"https:\/\/escolaalegriadecrianca.com.br\/en\/wp-json\/wp\/v2\/pages\/4978\/revisions\/5298"}],"wp:featuredmedia":[{"embeddable":true,"href":"https:\/\/escolaalegriadecrianca.com.br\/en\/wp-json\/wp\/v2\/media\/4980"}],"wp:attachment":[{"href":"https:\/\/escolaalegriadecrianca.com.br\/en\/wp-json\/wp\/v2\/media?parent=4978"}],"curies":[{"name":"wp","href":"https:\/\/api.w.org\/{rel}","templated":true}]}}